{"id":252,"date":"2025-01-23T22:26:32","date_gmt":"2025-01-23T22:26:32","guid":{"rendered":"https:\/\/experienciaswow.com\/index.php\/about\/"},"modified":"2025-05-28T15:23:21","modified_gmt":"2025-05-28T15:23:21","slug":"nosotros","status":"publish","type":"page","link":"https:\/\/experienciaswow.com\/index.php\/nosotros\/","title":{"rendered":"Nosotros"},"content":{"rendered":"\t\t<div data-elementor-type=\"wp-page\" data-elementor-id=\"252\" class=\"elementor elementor-252\">\n\t\t\t\t<div class=\"elementor-element elementor-element-6eaeefaa e-con-full e-flex wpr-particle-no wpr-jarallax-no wpr-parallax-no wpr-sticky-section-no e-con e-parent\" data-id=\"6eaeefaa\" data-element_type=\"container\">\n\t\t\t\t<div class=\"elementor-element elementor-element-50aca915 elementor-widget elementor-widget-video\" data-id=\"50aca915\" data-element_type=\"widget\" data-settings=\"{&quot;youtube_url&quot;:&quot;https:\\\/\\\/youtu.be\\\/nKCS7M_fd_I?si=5A9jEbbBfES5X-Gc&quot;,&quot;autoplay&quot;:&quot;yes&quot;,&quot;play_on_mobile&quot;:&quot;yes&quot;,&quot;mute&quot;:&quot;yes&quot;,&quot;loop&quot;:&quot;yes&quot;,&quot;video_type&quot;:&quot;youtube&quot;}\" data-widget_type=\"video.default\">\n\t\t\t\t<div class=\"elementor-widget-container\">\n\t\t\t\t\t\t\t<div class=\"elementor-wrapper elementor-open-inline\">\n\t\t\t<div class=\"elementor-video\"><\/div>\t\t<\/div>\n\t\t\t\t\t\t<\/div>\n\t\t\t\t<\/div>\n\t\t\t\t<\/div>\n\t\t<div class=\"elementor-element elementor-element-ef9797d e-flex e-con-boxed wpr-particle-no wpr-jarallax-no wpr-parallax-no wpr-sticky-section-no e-con e-parent\" data-id=\"ef9797d\" data-element_type=\"container\">\n\t\t\t\t\t<div class=\"e-con-inner\">\n\t\t\t\t<div class=\"elementor-element elementor-element-fa0d242 elementor-invisible elementor-widget elementor-widget-heading\" data-id=\"fa0d242\" data-element_type=\"widget\" data-settings=\"{&quot;_animation&quot;:&quot;zoomInDown&quot;}\" data-widget_type=\"heading.default\">\n\t\t\t\t<div class=\"elementor-widget-container\">\n\t\t\t\t\t<h2 class=\"elementor-heading-title elementor-size-default\">Sobre<\/h2>\t\t\t\t<\/div>\n\t\t\t\t<\/div>\n\t\t\t\t<div class=\"elementor-element elementor-element-28041ee elementor-invisible elementor-widget elementor-widget-heading\" data-id=\"28041ee\" data-element_type=\"widget\" data-settings=\"{&quot;_animation&quot;:&quot;zoomInUp&quot;}\" data-widget_type=\"heading.default\">\n\t\t\t\t<div class=\"elementor-widget-container\">\n\t\t\t\t\t<h1 class=\"elementor-heading-title elementor-size-default\">NOSOTROS<\/h1>\t\t\t\t<\/div>\n\t\t\t\t<\/div>\n\t\t\t\t\t<\/div>\n\t\t\t\t<\/div>\n\t\t<div class=\"elementor-element elementor-element-52a2884 e-flex e-con-boxed wpr-particle-no wpr-jarallax-no wpr-parallax-no wpr-sticky-section-no e-con e-parent\" data-id=\"52a2884\" data-element_type=\"container\">\n\t\t\t\t\t<div class=\"e-con-inner\">\n\t\t<div class=\"elementor-element elementor-element-c75e9dd e-con-full e-flex wpr-particle-no wpr-jarallax-no wpr-parallax-no wpr-sticky-section-no e-con e-child\" data-id=\"c75e9dd\" data-element_type=\"container\">\n\t\t\t\t<div class=\"elementor-element elementor-element-7649005 elementor-widget elementor-widget-menu-anchor\" data-id=\"7649005\" data-element_type=\"widget\" data-widget_type=\"menu-anchor.default\">\n\t\t\t\t<div class=\"elementor-widget-container\">\n\t\t\t\t\t\t\t<div class=\"elementor-menu-anchor\" id=\"proyectos\"><\/div>\n\t\t\t\t\t\t<\/div>\n\t\t\t\t<\/div>\n\t\t\t\t<div class=\"elementor-element elementor-element-b9efede elementor-invisible elementor-widget elementor-widget-heading\" data-id=\"b9efede\" data-element_type=\"widget\" data-settings=\"{&quot;_animation&quot;:&quot;bounceInDown&quot;}\" data-widget_type=\"heading.default\">\n\t\t\t\t<div class=\"elementor-widget-container\">\n\t\t\t\t\t<h2 class=\"elementor-heading-title elementor-size-default\">QUI\u00c9NES SOMOS\n<\/h2>\t\t\t\t<\/div>\n\t\t\t\t<\/div>\n\t\t\t\t<div class=\"elementor-element elementor-element-d0ad3da elementor-widget elementor-widget-text-editor\" data-id=\"d0ad3da\" data-element_type=\"widget\" data-widget_type=\"text-editor.default\">\n\t\t\t\t<div class=\"elementor-widget-container\">\n\t\t\t\t\t\t\t\t\t<p>Somos una agencia BTL Experiencial y Disruptiva. Con una trayectoria nacional e internacional de m\u00e1s de 15 a\u00f1os en el mercado colombiano. <br \/>Nos convertimos en soporte creativo, estrat\u00e9gico y t\u00e1ctico de diversas \u00e1reas de empresas de formato mediano y grande. Somos, m\u00e1s que proveedores, aliados del sector corporativo en sus \u00e1reas de Mercadeo, Trade Marketing, Ventas y Gesti\u00f3n Humana.<\/p>\t\t\t\t\t\t\t\t<\/div>\n\t\t\t\t<\/div>\n\t\t\t\t<\/div>\n\t\t<div class=\"elementor-element elementor-element-a2d8272 e-con-full e-flex wpr-particle-no wpr-jarallax-no wpr-parallax-no wpr-sticky-section-no e-con e-child\" data-id=\"a2d8272\" data-element_type=\"container\">\n\t\t\t\t<div class=\"elementor-element elementor-element-abd9320 elementor-widget elementor-widget-image\" data-id=\"abd9320\" data-element_type=\"widget\" data-widget_type=\"image.default\">\n\t\t\t\t<div class=\"elementor-widget-container\">\n\t\t\t\t\t\t\t\t\t\t\t\t\t\t\t<img fetchpriority=\"high\" decoding=\"async\" width=\"1024\" height=\"908\" src=\"https:\/\/experienciaswow.com\/wp-content\/uploads\/2025\/02\/WhatsApp-Image-2025-02-19-at-16.43.02-1.webp\" class=\"attachment-large size-large wp-image-3680\" alt=\"\" \/>\t\t\t\t\t\t\t\t\t\t\t\t\t\t\t<\/div>\n\t\t\t\t<\/div>\n\t\t\t\t<\/div>\n\t\t\t\t\t<\/div>\n\t\t\t\t<\/div>\n\t\t<div class=\"elementor-element elementor-element-d133984 e-flex e-con-boxed wpr-particle-no wpr-jarallax-no wpr-parallax-no wpr-sticky-section-no elementor-invisible e-con e-parent\" data-id=\"d133984\" data-element_type=\"container\" data-settings=\"{&quot;animation&quot;:&quot;fadeInLeft&quot;}\">\n\t\t\t\t\t<div class=\"e-con-inner\">\n\t\t<div class=\"elementor-element elementor-element-253ec05 e-con-full e-flex wpr-particle-no wpr-jarallax-no wpr-parallax-no wpr-sticky-section-no e-con e-child\" data-id=\"253ec05\" data-element_type=\"container\">\n\t\t\t\t<div class=\"elementor-element elementor-element-326e4c6 elementor-widget elementor-widget-image\" data-id=\"326e4c6\" data-element_type=\"widget\" data-widget_type=\"image.default\">\n\t\t\t\t<div class=\"elementor-widget-container\">\n\t\t\t\t\t\t\t\t\t\t\t\t\t\t\t<img decoding=\"async\" width=\"768\" height=\"1024\" src=\"https:\/\/experienciaswow.com\/wp-content\/uploads\/2025\/03\/IMG-20231226-WA0037.jpg\" class=\"attachment-large size-large wp-image-3972\" alt=\"\" \/>\t\t\t\t\t\t\t\t\t\t\t\t\t\t\t<\/div>\n\t\t\t\t<\/div>\n\t\t\t\t<\/div>\n\t\t<div class=\"elementor-element elementor-element-eb524ea e-con-full e-flex wpr-particle-no wpr-jarallax-no wpr-parallax-no wpr-sticky-section-no e-con e-child\" data-id=\"eb524ea\" data-element_type=\"container\">\n\t\t\t\t<div class=\"elementor-element elementor-element-53477dc elementor-widget elementor-widget-image\" data-id=\"53477dc\" data-element_type=\"widget\" data-widget_type=\"image.default\">\n\t\t\t\t<div class=\"elementor-widget-container\">\n\t\t\t\t\t\t\t\t\t\t\t\t\t\t\t<img decoding=\"async\" width=\"768\" height=\"1024\" src=\"https:\/\/experienciaswow.com\/wp-content\/uploads\/2025\/02\/WhatsApp-Image-2025-02-19-at-15.37.06-7-1.webp\" class=\"attachment-large size-large wp-image-3563\" alt=\"\" \/>\t\t\t\t\t\t\t\t\t\t\t\t\t\t\t<\/div>\n\t\t\t\t<\/div>\n\t\t\t\t<\/div>\n\t\t\t\t\t<\/div>\n\t\t\t\t<\/div>\n\t\t<div class=\"elementor-element elementor-element-71bad6c e-flex e-con-boxed wpr-particle-no wpr-jarallax-no wpr-parallax-no wpr-sticky-section-no elementor-invisible e-con e-parent\" data-id=\"71bad6c\" data-element_type=\"container\" data-settings=\"{&quot;animation&quot;:&quot;fadeInRight&quot;}\">\n\t\t\t\t\t<div class=\"e-con-inner\">\n\t\t<div class=\"elementor-element elementor-element-5d82ef6 e-con-full e-flex wpr-particle-no wpr-jarallax-no wpr-parallax-no wpr-sticky-section-no e-con e-child\" data-id=\"5d82ef6\" data-element_type=\"container\">\n\t\t\t\t<div class=\"elementor-element elementor-element-01d0fe8 elementor-widget elementor-widget-image\" data-id=\"01d0fe8\" data-element_type=\"widget\" data-widget_type=\"image.default\">\n\t\t\t\t<div class=\"elementor-widget-container\">\n\t\t\t\t\t\t\t\t\t\t\t\t\t\t\t\t<a href=\"https:\/\/experienciaswow.com\/wp-content\/uploads\/2025\/02\/yui-carro.jpg\" data-elementor-open-lightbox=\"yes\" data-elementor-lightbox-title=\"yui carro\" data-e-action-hash=\"#elementor-action%3Aaction%3Dlightbox%26settings%3DeyJpZCI6MjQzMywidXJsIjoiaHR0cHM6XC9cL2V4cGVyaWVuY2lhc3dvdy5jb21cL3dwLWNvbnRlbnRcL3VwbG9hZHNcLzIwMjVcLzAyXC95dWktY2Fycm8uanBnIn0%3D\">\n\t\t\t\t\t\t\t<img loading=\"lazy\" decoding=\"async\" width=\"607\" height=\"608\" src=\"https:\/\/experienciaswow.com\/wp-content\/uploads\/2025\/02\/yui-carro.jpg\" class=\"attachment-large size-large wp-image-2433\" alt=\"\" \/>\t\t\t\t\t\t\t\t<\/a>\n\t\t\t\t\t\t\t\t\t\t\t\t\t\t\t<\/div>\n\t\t\t\t<\/div>\n\t\t\t\t<\/div>\n\t\t<div class=\"elementor-element elementor-element-4c8e51a e-con-full e-flex wpr-particle-no wpr-jarallax-no wpr-parallax-no wpr-sticky-section-no e-con e-child\" data-id=\"4c8e51a\" data-element_type=\"container\">\n\t\t\t\t<div class=\"elementor-element elementor-element-12745b4 elementor-widget elementor-widget-image\" data-id=\"12745b4\" data-element_type=\"widget\" data-widget_type=\"image.default\">\n\t\t\t\t<div class=\"elementor-widget-container\">\n\t\t\t\t\t\t\t\t\t\t\t\t\t\t\t\t<a href=\"https:\/\/experienciaswow.com\/wp-content\/uploads\/2025\/02\/sinfronteras2.png\" data-elementor-open-lightbox=\"yes\" data-elementor-lightbox-title=\"sinfronteras2\" data-e-action-hash=\"#elementor-action%3Aaction%3Dlightbox%26settings%3DeyJpZCI6MjQzOCwidXJsIjoiaHR0cHM6XC9cL2V4cGVyaWVuY2lhc3dvdy5jb21cL3dwLWNvbnRlbnRcL3VwbG9hZHNcLzIwMjVcLzAyXC9zaW5mcm9udGVyYXMyLnBuZyJ9\">\n\t\t\t\t\t\t\t<img loading=\"lazy\" decoding=\"async\" width=\"500\" height=\"759\" src=\"https:\/\/experienciaswow.com\/wp-content\/uploads\/2025\/02\/sinfronteras2.png\" class=\"attachment-large size-large wp-image-2438\" alt=\"\" \/>\t\t\t\t\t\t\t\t<\/a>\n\t\t\t\t\t\t\t\t\t\t\t\t\t\t\t<\/div>\n\t\t\t\t<\/div>\n\t\t\t\t<\/div>\n\t\t\t\t\t<\/div>\n\t\t\t\t<\/div>\n\t\t<div class=\"elementor-element elementor-element-5653ded e-grid e-con-boxed wpr-particle-no wpr-jarallax-no wpr-parallax-no wpr-sticky-section-no elementor-invisible e-con e-parent\" data-id=\"5653ded\" data-element_type=\"container\" data-settings=\"{&quot;animation&quot;:&quot;zoomIn&quot;}\">\n\t\t\t\t\t<div class=\"e-con-inner\">\n\t\t\t\t<div class=\"elementor-element elementor-element-8c0c20e elementor-widget elementor-widget-text-editor\" data-id=\"8c0c20e\" data-element_type=\"widget\" data-widget_type=\"text-editor.default\">\n\t\t\t\t<div class=\"elementor-widget-container\">\n\t\t\t\t\t\t\t\t\t<p><strong>\u00bfPor qu\u00e9 BTL Experiencial?<\/strong><\/p><p><br \/>Porque m\u00e1s all\u00e1 de lo convencional, le ponemos a cada proyecto mercadol\u00f3gico y de comunicaci\u00f3n publicitaria, ideas y acciones que tienen un alto contenido actitudinal emocional, logrando que todos los grupos de impacto, puedan interiorizar con mayor efectividad, todo el mensaje de marca que nos asignan como tarea.<\/p>\t\t\t\t\t\t\t\t<\/div>\n\t\t\t\t<\/div>\n\t\t\t\t<div class=\"elementor-element elementor-element-ed03b19 elementor-widget elementor-widget-image\" data-id=\"ed03b19\" data-element_type=\"widget\" data-widget_type=\"image.default\">\n\t\t\t\t<div class=\"elementor-widget-container\">\n\t\t\t\t\t\t\t\t\t\t\t\t\t\t\t\t<a href=\"https:\/\/experienciaswow.com\/wp-content\/uploads\/2025\/02\/disruptiva.jpg\" data-elementor-open-lightbox=\"yes\" data-elementor-lightbox-title=\"disruptiva\" data-e-action-hash=\"#elementor-action%3Aaction%3Dlightbox%26settings%3DeyJpZCI6MjQ4MywidXJsIjoiaHR0cHM6XC9cL2V4cGVyaWVuY2lhc3dvdy5jb21cL3dwLWNvbnRlbnRcL3VwbG9hZHNcLzIwMjVcLzAyXC9kaXNydXB0aXZhLmpwZyJ9\">\n\t\t\t\t\t\t\t<img loading=\"lazy\" decoding=\"async\" width=\"800\" height=\"625\" src=\"https:\/\/experienciaswow.com\/wp-content\/uploads\/2025\/02\/disruptiva.jpg\" class=\"attachment-large size-large wp-image-2483\" alt=\"\" \/>\t\t\t\t\t\t\t\t<\/a>\n\t\t\t\t\t\t\t\t\t\t\t\t\t\t\t<\/div>\n\t\t\t\t<\/div>\n\t\t\t\t\t<\/div>\n\t\t\t\t<\/div>\n\t\t<div class=\"elementor-element elementor-element-e0ac485 e-con-full e-flex wpr-particle-no wpr-jarallax-no wpr-parallax-no wpr-sticky-section-no elementor-invisible e-con e-parent\" data-id=\"e0ac485\" data-element_type=\"container\" data-settings=\"{&quot;background_background&quot;:&quot;classic&quot;,&quot;animation&quot;:&quot;rubberBand&quot;}\">\n\t\t\t\t<div class=\"elementor-element elementor-element-c4980b8 elementor-widget elementor-widget-text-editor\" data-id=\"c4980b8\" data-element_type=\"widget\" data-widget_type=\"text-editor.default\">\n\t\t\t\t<div class=\"elementor-widget-container\">\n\t\t\t\t\t\t\t\t\t<p><strong>En EVENTOS CORPORATIVOS, ACTIVACIONES, CONVENCIONES Y VIAJES DE INCENTIVOS. . .<\/strong><\/p><p>Encontrar los precisos para todo, es una tarea demasiado improbable y solo cuando aparece la pasi\u00f3n, la innovaci\u00f3n, el riesgo y la disrupci\u00f3n, convergen personas con talento, proactividad y amor de marca, que solo logran resultados 100% WOW . . .<\/p>\t\t\t\t\t\t\t\t<\/div>\n\t\t\t\t<\/div>\n\t\t\t\t<\/div>\n\t\t<div class=\"elementor-element elementor-element-3091ec7 e-flex e-con-boxed wpr-particle-no wpr-jarallax-no wpr-parallax-no wpr-sticky-section-no elementor-invisible e-con e-parent\" data-id=\"3091ec7\" data-element_type=\"container\" data-settings=\"{&quot;animation&quot;:&quot;zoomInLeft&quot;}\">\n\t\t\t\t\t<div class=\"e-con-inner\">\n\t\t\t\t<div class=\"elementor-element elementor-element-bb0b680 elementor-widget elementor-widget-heading\" data-id=\"bb0b680\" data-element_type=\"widget\" data-widget_type=\"heading.default\">\n\t\t\t\t<div class=\"elementor-widget-container\">\n\t\t\t\t\t<h2 class=\"elementor-heading-title elementor-size-default\">PRIMERA AGENCIA BTL EXPERIENCIAL DE COLOMBIA, AHORA EN PANAM\u00c1<\/h2>\t\t\t\t<\/div>\n\t\t\t\t<\/div>\n\t\t\t\t\t<\/div>\n\t\t\t\t<\/div>\n\t\t<div class=\"elementor-element elementor-element-8b09892 e-grid e-con-boxed wpr-particle-no wpr-jarallax-no wpr-parallax-no wpr-sticky-section-no elementor-invisible e-con e-parent\" data-id=\"8b09892\" data-element_type=\"container\" data-settings=\"{&quot;animation&quot;:&quot;zoomInLeft&quot;,&quot;background_background&quot;:&quot;classic&quot;}\">\n\t\t\t\t\t<div class=\"e-con-inner\">\n\t\t\t\t<div class=\"elementor-element elementor-element-aaeb501 elementor-widget elementor-widget-image\" data-id=\"aaeb501\" data-element_type=\"widget\" data-widget_type=\"image.default\">\n\t\t\t\t<div class=\"elementor-widget-container\">\n\t\t\t\t\t\t\t\t\t\t\t\t\t\t\t<img loading=\"lazy\" decoding=\"async\" width=\"1024\" height=\"576\" src=\"https:\/\/experienciaswow.com\/wp-content\/uploads\/2025\/03\/5434545345.jpg\" class=\"attachment-large size-large wp-image-3973\" alt=\"\" \/>\t\t\t\t\t\t\t\t\t\t\t\t\t\t\t<\/div>\n\t\t\t\t<\/div>\n\t\t\t\t<div class=\"elementor-element elementor-element-c0d5bf6 elementor-widget elementor-widget-text-editor\" data-id=\"c0d5bf6\" data-element_type=\"widget\" data-widget_type=\"text-editor.default\">\n\t\t\t\t<div class=\"elementor-widget-container\">\n\t\t\t\t\t\t\t\t\t<p><strong>Ciudad de Panam\u00e1 <\/strong>Costa Sur 20A\u00a0<\/p><p><strong>M\u00f3vil:<\/strong> +507 61613343<\/p><p><strong> Mail:<\/strong> hmarroquin@experienciaswow.com<\/p>\t\t\t\t\t\t\t\t<\/div>\n\t\t\t\t<\/div>\n\t\t\t\t\t<\/div>\n\t\t\t\t<\/div>\n\t\t<div class=\"elementor-element elementor-element-c50902c e-flex e-con-boxed wpr-particle-no wpr-jarallax-no wpr-parallax-no wpr-sticky-section-no elementor-invisible e-con e-parent\" data-id=\"c50902c\" data-element_type=\"container\" data-settings=\"{&quot;animation&quot;:&quot;bounceInRight&quot;,&quot;background_background&quot;:&quot;classic&quot;}\">\n\t\t\t\t\t<div class=\"e-con-inner\">\n\t\t\t\t<div class=\"elementor-element elementor-element-3b273c5 elementor-widget elementor-widget-heading\" data-id=\"3b273c5\" data-element_type=\"widget\" data-widget_type=\"heading.default\">\n\t\t\t\t<div class=\"elementor-widget-container\">\n\t\t\t\t\t<h2 class=\"elementor-heading-title elementor-size-default\">NUESTRAS SEDES EN COLOMBIA<\/h2>\t\t\t\t<\/div>\n\t\t\t\t<\/div>\n\t\t\t\t\t<\/div>\n\t\t\t\t<\/div>\n\t\t<div class=\"elementor-element elementor-element-f866eaf e-grid e-con-boxed wpr-particle-no wpr-jarallax-no wpr-parallax-no wpr-sticky-section-no elementor-invisible e-con e-parent\" data-id=\"f866eaf\" data-element_type=\"container\" data-settings=\"{&quot;animation&quot;:&quot;zoomInRight&quot;,&quot;background_background&quot;:&quot;classic&quot;}\">\n\t\t\t\t\t<div class=\"e-con-inner\">\n\t\t\t\t<div class=\"elementor-element elementor-element-354ab1e wpr-team-member-divider-center elementor-widget elementor-widget-wpr-team-member\" data-id=\"354ab1e\" data-element_type=\"widget\" data-widget_type=\"wpr-team-member.default\">\n\t\t\t\t<div class=\"elementor-widget-container\">\n\t\t\t\t\t\n\t<div class=\"wpr-team-member\">\n\t\t\t\t\t\n\t\t\t<div class=\"wpr-member-media\">\n\t\t\t\t<div class=\"wpr-member-image\">\n\t\t\t\t\t<img decoding=\"async\" src=\"https:\/\/experienciaswow.com\/wp-content\/uploads\/2025\/03\/bogota_5.jpeg\" alt=\"BOGOT\u00c1\">\n\t\t\t\t<\/div>\n\t\t\t\t\t\t\t<\/div>\n\t\t\t\t\n\t\t\n\t\t<div class=\"wpr-member-content\">\n\t\t\t<h3 class=\"wpr-member-name\">BOGOT\u00c1<\/h3>\n\t\t\t\n\t\t\t\n\t\t\t\t\t\t\t<div class=\"wpr-member-divider\"><\/div>\n\t\t\t\n\t\t\t\t\t\t\t<div class=\"wpr-member-description\">Puente Aranda Super Nova, Transversal 42 No 9-97 <p> <b>M\u00f3viles:<\/b> +57 315 346 56 85 \/ +57 320 4760867 <p><b> Mail: <\/b> gerenciabogota@experienciaswow.com<\/div>\n\t\t\t\t\t\t\n\t\t\t\t\t<\/div>\n\n\t\t\t<\/div>\n\n\t\t\t\t\t<\/div>\n\t\t\t\t<\/div>\n\t\t\t\t<div class=\"elementor-element elementor-element-4f73c4d elementor-widget elementor-widget-wpr-team-member\" data-id=\"4f73c4d\" data-element_type=\"widget\" data-widget_type=\"wpr-team-member.default\">\n\t\t\t\t<div class=\"elementor-widget-container\">\n\t\t\t\t\t\n\t<div class=\"wpr-team-member\">\n\t\t\t\t\t\n\t\t\t<div class=\"wpr-member-media\">\n\t\t\t\t<div class=\"wpr-member-image\">\n\t\t\t\t\t<img decoding=\"async\" src=\"https:\/\/experienciaswow.com\/wp-content\/uploads\/2025\/03\/cali-w.jpg\" alt=\"SANTIAGO DE CALI\">\n\t\t\t\t<\/div>\n\t\t\t\t\t\t\t<\/div>\n\t\t\t\t\n\t\t\n\t\t<div class=\"wpr-member-content\">\n\t\t\t<h3 class=\"wpr-member-name\">SANTIAGO DE CALI<\/h3>\n\t\t\t\n\t\t\t\n\t\t\t\n\t\t\t\t\t\t\t<div class=\"wpr-member-description\"><b>Sede 1<\/b> Cra 37 2Bis No 5E05 Of 101 Edificio Elizabeth. <p><b>Sede 2 <\/b> Calle 5 No 60-35 Segundo Piso. \n<p><b>M\u00f3viles:<\/b> +57 \u2013 315 2015443 \/ +57 316 5274512. <p><b>Mail:<\/b> gdiazmarin@experienciaswow.com <\/div>\n\t\t\t\t\t\t\n\t\t\t\t\t<\/div>\n\n\t\t\t<\/div>\n\n\t\t\t\t\t<\/div>\n\t\t\t\t<\/div>\n\t\t\t\t\t<\/div>\n\t\t\t\t<\/div>\n\t\t\t\t<\/div>\n\t\t","protected":false},"excerpt":{"rendered":"<p>Sobre NOSOTROS QUI\u00c9NES SOMOS Somos una agencia BTL Experiencial y Disruptiva. Con una trayectoria nacional e internacional de m\u00e1s de 15 a\u00f1os en el mercado colombiano. Nos convertimos en soporte creativo, estrat\u00e9gico y t\u00e1ctico de diversas \u00e1reas de empresas de formato mediano y grande. Somos, m\u00e1s que proveedores, aliados del sector corporativo en sus \u00e1reas de Mercadeo, Trade Marketing, Ventas y Gesti\u00f3n Humana. \u00bfPor qu\u00e9 BTL Experiencial? Porque m\u00e1s all\u00e1 de lo convencional, le ponemos a cada proyecto mercadol\u00f3gico y de comunicaci\u00f3n publicitaria, ideas y acciones que tienen un alto contenido actitudinal emocional, logrando que todos los grupos de impacto, puedan interiorizar con mayor efectividad, todo el mensaje de marca que nos asignan como tarea. En EVENTOS CORPORATIVOS, ACTIVACIONES, CONVENCIONES Y VIAJES DE INCENTIVOS. . . Encontrar los precisos para todo, es una tarea demasiado improbable y solo cuando aparece la pasi\u00f3n, la innovaci\u00f3n, el riesgo y la disrupci\u00f3n, convergen personas con talento, proactividad y amor de marca, que solo logran resultados 100% WOW . . . PRIMERA AGENCIA BTL EXPERIENCIAL DE COLOMBIA, AHORA EN PANAM\u00c1 Ciudad de Panam\u00e1 Costa Sur 20A\u00a0 M\u00f3vil: +507 61613343 Mail: hmarroquin@experienciaswow.com NUESTRAS SEDES EN COLOMBIA BOGOT\u00c1 Puente Aranda Super Nova, Transversal 42 No 9-97 M\u00f3viles: +57 315 346 56 85 \/ +57 320 4760867 Mail: gerenciabogota@experienciaswow.com SANTIAGO DE CALI Sede 1 Cra 37 2Bis No 5E05 Of 101 Edificio Elizabeth. Sede 2 Calle 5 No 60-35 Segundo Piso. M\u00f3viles: +57 \u2013 315 2015443 \/ +57 316 5274512. Mail: gdiazmarin@experienciaswow.com<\/p>\n","protected":false},"author":1,"featured_media":0,"parent":0,"menu_order":0,"comment_status":"closed","ping_status":"closed","template":"","meta":{"_eb_attr":"","site-sidebar-layout":"no-sidebar","site-content-layout":"page-builder","ast-site-content-layout":"full-width-container","site-content-style":"unboxed","site-sidebar-style":"unboxed","ast-global-header-display":"","ast-banner-title-visibility":"","ast-main-header-display":"","ast-hfb-above-header-display":"","ast-hfb-below-header-display":"","ast-hfb-mobile-header-display":"","site-post-title":"disabled","ast-breadcrumbs-content":"disabled","ast-featured-img":"disabled","footer-sml-layout":"","theme-transparent-header-meta":"enabled","adv-header-id-meta":"","stick-header-meta":"","header-above-stick-meta":"","header-main-stick-meta":"","header-below-stick-meta":"","astra-migrate-meta-layouts":"set","ast-page-background-enabled":"default","ast-page-background-meta":{"desktop":{"background-color":"var(--ast-global-color-4)","background-image":"","background-repeat":"repeat","background-position":"center center","background-size":"auto","background-attachment":"scroll","background-type":"","background-media":"","overlay-type":"","overlay-color":"","overlay-opacity":"","overlay-gradient":""},"tablet":{"background-color":"","background-image":"","background-repeat":"repeat","background-position":"center center","background-size":"auto","background-attachment":"scroll","background-type":"","background-media":"","overlay-type":"","overlay-color":"","overlay-opacity":"","overlay-gradient":""},"mobile":{"background-color":"","background-image":"","background-repeat":"repeat","background-position":"center center","background-size":"auto","background-attachment":"scroll","background-type":"","background-media":"","overlay-type":"","overlay-color":"","overlay-opacity":"","overlay-gradient":""}},"ast-content-background-meta":{"desktop":{"background-color":"var(--ast-global-color-5)","background-image":"","background-repeat":"repeat","background-position":"center center","background-size":"auto","background-attachment":"scroll","background-type":"","background-media":"","overlay-type":"","overlay-color":"","overlay-opacity":"","overlay-gradient":""},"tablet":{"background-color":"var(--ast-global-color-5)","background-image":"","background-repeat":"repeat","background-position":"center center","background-size":"auto","background-attachment":"scroll","background-type":"","background-media":"","overlay-type":"","overlay-color":"","overlay-opacity":"","overlay-gradient":""},"mobile":{"background-color":"var(--ast-global-color-5)","background-image":"","background-repeat":"repeat","background-position":"center center","background-size":"auto","background-attachment":"scroll","background-type":"","background-media":"","overlay-type":"","overlay-color":"","overlay-opacity":"","overlay-gradient":""}},"footnotes":""},"class_list":["post-252","page","type-page","status-publish","hentry"],"_links":{"self":[{"href":"https:\/\/experienciaswow.com\/index.php\/wp-json\/wp\/v2\/pages\/252","targetHints":{"allow":["GET"]}}],"collection":[{"href":"https:\/\/experienciaswow.com\/index.php\/wp-json\/wp\/v2\/pages"}],"about":[{"href":"https:\/\/experienciaswow.com\/index.php\/wp-json\/wp\/v2\/types\/page"}],"author":[{"embeddable":true,"href":"https:\/\/experienciaswow.com\/index.php\/wp-json\/wp\/v2\/users\/1"}],"replies":[{"embeddable":true,"href":"https:\/\/experienciaswow.com\/index.php\/wp-json\/wp\/v2\/comments?post=252"}],"version-history":[{"count":239,"href":"https:\/\/experienciaswow.com\/index.php\/wp-json\/wp\/v2\/pages\/252\/revisions"}],"predecessor-version":[{"id":4306,"href":"https:\/\/experienciaswow.com\/index.php\/wp-json\/wp\/v2\/pages\/252\/revisions\/4306"}],"wp:attachment":[{"href":"https:\/\/experienciaswow.com\/index.php\/wp-json\/wp\/v2\/media?parent=252"}],"curies":[{"name":"wp","href":"https:\/\/api.w.org\/{rel}","templated":true}]}}